{"id":7,"date":"2019-08-08T21:02:25","date_gmt":"2019-08-09T00:02:25","guid":{"rendered":"http:\/\/localhost\/webmais-blog\/public\/?page_id=7"},"modified":"2019-08-27T19:51:59","modified_gmt":"2019-08-27T22:51:59","slug":"contato","status":"publish","type":"page","link":"https:\/\/webmaissistemas.com.br\/blog\/contato\/","title":{"rendered":"Contato"},"content":{"rendered":"<div role=\"main\" id=\"formulario-novas-paginas-estaticas-274f5d118573c791eb5b\"><\/div>\n<p><script type=\"text\/javascript\" src=\"https:\/\/d335luupugsy2.cloudfront.net\/js\/rdstation-forms\/stable\/rdstation-forms.min.js\"><\/script><br \/>\n<script type=\"text\/javascript\">\n  new RDStationForms('formulario-novas-paginas-estaticas-274f5d118573c791eb5b-html', 'UA-43092956-1').createForm();\n<\/script><\/p>\n","protected":false},"excerpt":{"rendered":"","protected":false},"author":8,"featured_media":0,"parent":0,"menu_order":3,"comment_status":"open","ping_status":"closed","template":"","meta":{"_acf_changed":false,"om_disable_all_campaigns":false,"footnotes":""},"class_list":["post-7","page","type-page","status-publish","hentry"],"acf":[],"yoast_head":"<!-- This site is optimized with the Yoast SEO plugin v26.9 - https:\/\/yoast.com\/product\/yoast-seo-wordpress\/ -->\n<title>Contato - Blog WebMais - Tudo sobre Gest\u00e3o Industrial e ERP<\/title>\n<meta name=\"robots\" content=\"index, follow, max-snippet:-1, max-image-preview:large, max-video-preview:-1\" \/>\n<link rel=\"canonical\" href=\"https:\/\/webmaissistemas.com.br\/blog\/contato\/\" \/>\n<meta property=\"og:locale\" content=\"pt_BR\" \/>\n<meta property=\"og:type\" content=\"article\" \/>\n<meta property=\"og:title\" content=\"Contato - Blog WebMais - Tudo sobre Gest\u00e3o Industrial e ERP\" \/>\n<meta property=\"og:url\" content=\"https:\/\/webmaissistemas.com.br\/blog\/contato\/\" \/>\n<meta property=\"og:site_name\" content=\"Blog WebMais - Tudo sobre Gest\u00e3o Industrial e ERP\" \/>\n<meta property=\"article:publisher\" content=\"https:\/\/www.facebook.com\/webmaissistemas\/\" \/>\n<meta property=\"article:modified_time\" content=\"2019-08-27T22:51:59+00:00\" \/>\n<meta name=\"twitter:card\" content=\"summary_large_image\" \/>\n<script type=\"application\/ld+json\" class=\"yoast-schema-graph\">{\"@context\":\"https:\/\/schema.org\",\"@graph\":[{\"@type\":\"WebPage\",\"@id\":\"https:\/\/webmaissistemas.com.br\/blog\/contato\/\",\"url\":\"https:\/\/webmaissistemas.com.br\/blog\/contato\/\",\"name\":\"Contato - Blog WebMais - Tudo sobre Gest\u00e3o Industrial e ERP\",\"isPartOf\":{\"@id\":\"https:\/\/webmaissistemas.com.br\/blog\/#website\"},\"datePublished\":\"2019-08-09T00:02:25+00:00\",\"dateModified\":\"2019-08-27T22:51:59+00:00\",\"breadcrumb\":{\"@id\":\"https:\/\/webmaissistemas.com.br\/blog\/contato\/#breadcrumb\"},\"inLanguage\":\"pt-BR\",\"potentialAction\":[{\"@type\":\"ReadAction\",\"target\":[\"https:\/\/webmaissistemas.com.br\/blog\/contato\/\"]}]},{\"@type\":\"BreadcrumbList\",\"@id\":\"https:\/\/webmaissistemas.com.br\/blog\/contato\/#breadcrumb\",\"itemListElement\":[{\"@type\":\"ListItem\",\"position\":1,\"name\":\"In\u00edcio\",\"item\":\"https:\/\/webmaissistemas.com.br\/blog\/\"},{\"@type\":\"ListItem\",\"position\":2,\"name\":\"Contato\"}]},{\"@type\":\"WebSite\",\"@id\":\"https:\/\/webmaissistemas.com.br\/blog\/#website\",\"url\":\"https:\/\/webmaissistemas.com.br\/blog\/\",\"name\":\"Blog WebMais - Tudo sobre Gest\u00e3o Industrial e ERP\",\"description\":\"Aqui no blog da WebMais voc\u00ea fica por dentro de tudo o que \u00e9 novidade sobre o mundo da gest\u00e3o de ind\u00fastrias e distribuidoras.\",\"publisher\":{\"@id\":\"https:\/\/webmaissistemas.com.br\/blog\/#organization\"},\"potentialAction\":[{\"@type\":\"SearchAction\",\"target\":{\"@type\":\"EntryPoint\",\"urlTemplate\":\"https:\/\/webmaissistemas.com.br\/blog\/?s={search_term_string}\"},\"query-input\":{\"@type\":\"PropertyValueSpecification\",\"valueRequired\":true,\"valueName\":\"search_term_string\"}}],\"inLanguage\":\"pt-BR\"},{\"@type\":\"Organization\",\"@id\":\"https:\/\/webmaissistemas.com.br\/blog\/#organization\",\"name\":\"WebMais Sistemas\",\"url\":\"https:\/\/webmaissistemas.com.br\/blog\/\",\"logo\":{\"@type\":\"ImageObject\",\"inLanguage\":\"pt-BR\",\"@id\":\"https:\/\/webmaissistemas.com.br\/blog\/#\/schema\/logo\/image\/\",\"url\":\"https:\/\/webmaissistemas.com.br\/blog\/app\/uploads\/2021\/04\/logo-blog.jpg\",\"contentUrl\":\"https:\/\/webmaissistemas.com.br\/blog\/app\/uploads\/2021\/04\/logo-blog.jpg\",\"width\":800,\"height\":118,\"caption\":\"WebMais Sistemas\"},\"image\":{\"@id\":\"https:\/\/webmaissistemas.com.br\/blog\/#\/schema\/logo\/image\/\"},\"sameAs\":[\"https:\/\/www.facebook.com\/webmaissistemas\/\",\"https:\/\/www.instagram.com\/webmais_sistemas\",\"https:\/\/br.linkedin.com\/company\/webmais-sistemas\",\"https:\/\/www.youtube.com\/channel\/UCfTCVlfTTPXpVoXJDRJ3pRQ\"]}]}<\/script>\n<!-- \/ Yoast SEO plugin. -->","yoast_head_json":{"title":"Contato - Blog WebMais - Tudo sobre Gest\u00e3o Industrial e ERP","robots":{"index":"index","follow":"follow","max-snippet":"max-snippet:-1","max-image-preview":"max-image-preview:large","max-video-preview":"max-video-preview:-1"},"canonical":"https:\/\/webmaissistemas.com.br\/blog\/contato\/","og_locale":"pt_BR","og_type":"article","og_title":"Contato - Blog WebMais - Tudo sobre Gest\u00e3o Industrial e ERP","og_url":"https:\/\/webmaissistemas.com.br\/blog\/contato\/","og_site_name":"Blog WebMais - Tudo sobre Gest\u00e3o Industrial e ERP","article_publisher":"https:\/\/www.facebook.com\/webmaissistemas\/","article_modified_time":"2019-08-27T22:51:59+00:00","twitter_card":"summary_large_image","schema":{"@context":"https:\/\/schema.org","@graph":[{"@type":"WebPage","@id":"https:\/\/webmaissistemas.com.br\/blog\/contato\/","url":"https:\/\/webmaissistemas.com.br\/blog\/contato\/","name":"Contato - Blog WebMais - Tudo sobre Gest\u00e3o Industrial e ERP","isPartOf":{"@id":"https:\/\/webmaissistemas.com.br\/blog\/#website"},"datePublished":"2019-08-09T00:02:25+00:00","dateModified":"2019-08-27T22:51:59+00:00","breadcrumb":{"@id":"https:\/\/webmaissistemas.com.br\/blog\/contato\/#breadcrumb"},"inLanguage":"pt-BR","potentialAction":[{"@type":"ReadAction","target":["https:\/\/webmaissistemas.com.br\/blog\/contato\/"]}]},{"@type":"BreadcrumbList","@id":"https:\/\/webmaissistemas.com.br\/blog\/contato\/#breadcrumb","itemListElement":[{"@type":"ListItem","position":1,"name":"In\u00edcio","item":"https:\/\/webmaissistemas.com.br\/blog\/"},{"@type":"ListItem","position":2,"name":"Contato"}]},{"@type":"WebSite","@id":"https:\/\/webmaissistemas.com.br\/blog\/#website","url":"https:\/\/webmaissistemas.com.br\/blog\/","name":"Blog WebMais - Tudo sobre Gest\u00e3o Industrial e ERP","description":"Aqui no blog da WebMais voc\u00ea fica por dentro de tudo o que \u00e9 novidade sobre o mundo da gest\u00e3o de ind\u00fastrias e distribuidoras.","publisher":{"@id":"https:\/\/webmaissistemas.com.br\/blog\/#organization"},"potentialAction":[{"@type":"SearchAction","target":{"@type":"EntryPoint","urlTemplate":"https:\/\/webmaissistemas.com.br\/blog\/?s={search_term_string}"},"query-input":{"@type":"PropertyValueSpecification","valueRequired":true,"valueName":"search_term_string"}}],"inLanguage":"pt-BR"},{"@type":"Organization","@id":"https:\/\/webmaissistemas.com.br\/blog\/#organization","name":"WebMais Sistemas","url":"https:\/\/webmaissistemas.com.br\/blog\/","logo":{"@type":"ImageObject","inLanguage":"pt-BR","@id":"https:\/\/webmaissistemas.com.br\/blog\/#\/schema\/logo\/image\/","url":"https:\/\/webmaissistemas.com.br\/blog\/app\/uploads\/2021\/04\/logo-blog.jpg","contentUrl":"https:\/\/webmaissistemas.com.br\/blog\/app\/uploads\/2021\/04\/logo-blog.jpg","width":800,"height":118,"caption":"WebMais Sistemas"},"image":{"@id":"https:\/\/webmaissistemas.com.br\/blog\/#\/schema\/logo\/image\/"},"sameAs":["https:\/\/www.facebook.com\/webmaissistemas\/","https:\/\/www.instagram.com\/webmais_sistemas","https:\/\/br.linkedin.com\/company\/webmais-sistemas","https:\/\/www.youtube.com\/channel\/UCfTCVlfTTPXpVoXJDRJ3pRQ"]}]}},"_links":{"self":[{"href":"https:\/\/webmaissistemas.com.br\/blog\/wp-json\/wp\/v2\/pages\/7","targetHints":{"allow":["GET"]}}],"collection":[{"href":"https:\/\/webmaissistemas.com.br\/blog\/wp-json\/wp\/v2\/pages"}],"about":[{"href":"https:\/\/webmaissistemas.com.br\/blog\/wp-json\/wp\/v2\/types\/page"}],"author":[{"embeddable":true,"href":"https:\/\/webmaissistemas.com.br\/blog\/wp-json\/wp\/v2\/users\/8"}],"replies":[{"embeddable":true,"href":"https:\/\/webmaissistemas.com.br\/blog\/wp-json\/wp\/v2\/comments?post=7"}],"version-history":[{"count":0,"href":"https:\/\/webmaissistemas.com.br\/blog\/wp-json\/wp\/v2\/pages\/7\/revisions"}],"wp:attachment":[{"href":"https:\/\/webmaissistemas.com.br\/blog\/wp-json\/wp\/v2\/media?parent=7"}],"curies":[{"name":"wp","href":"https:\/\/api.w.org\/{rel}","templated":true}]}}